{"id":704,"date":"2024-07-02T23:11:53","date_gmt":"2024-07-02T22:11:53","guid":{"rendered":"https:\/\/kwiat.de\/?page_id=704"},"modified":"2025-12-21T16:34:38","modified_gmt":"2025-12-21T15:34:38","slug":"computer","status":"publish","type":"page","link":"https:\/\/kwiat.de\/index.php\/computer\/","title":{"rendered":"Computer"},"content":{"rendered":"\n<p class=\"has-medium-font-size\">Computer haben mich schon als Kind fasziniert! Die ersten Rechner in meinem Leben kamen nat\u00fcrlich im Fernsehen, in Serien wie Raumschiff Enterprise oder Mondbasis Alpha 1 vor.<\/p>\n\n\n\n<p class=\"has-medium-font-size\">Den ersten digitalen Taschenrechner (nach dem klassischen Abakus)) brachte mein Vater 1974 aus Japan mit, ich war fasziniert von dem kleinen K\u00e4stchen mit seinen leuchtenden Ziffern und den mechanisch klackenden Tasten.<\/p>\n\n\n\n<p class=\"has-medium-font-size\">Vater brachte regelm\u00e4\u00dfig elektronische Ger\u00e4tschaften aus Japan mit, einen Taschenrechner mit einer &#8222;Counterfunktion&#8220; (genutzt f\u00fcr Besucher-Z\u00e4hlungen bei Turnieren), eine der allerersten <a href=\"https:\/\/de.wikipedia.org\/wiki\/Casio_Data_Bank\">CASIO-Uhren mit Taschenrechnerfunktion<\/a> und meinen ersten <strong>Computer<\/strong>, einen CASIO FX-702P.<\/p>\n\n\n\n<figure class=\"wp-block-image size-large\"><a href=\"https:\/\/kwiat.de\/wp-content\/uploads\/2024\/07\/FX702P.png\"><img decoding=\"async\" src=\"https:\/\/kwiat.de\/wp-content\/uploads\/2024\/07\/FX702P-1024x341.png\" alt=\"\" class=\"wp-image-714\"\/><\/a><\/figure>\n\n\n\n<p class=\"has-medium-font-size\">Das Teil war komplett in <strong>BASIC <\/strong>programmierbar, hatte aber nur RAM und hat die m\u00fchsam eingetippten Progr\u00e4mmchen leider &#8222;vergessen&#8220;, wenn es ausgeschaltet wurde, denn leider hatte ich keinen dauerhaften Speicher wie ein Tape&#8230; an ein Diskettenlaufwerk war noch nicht zu denken.<\/p>\n\n\n\n<figure class=\"wp-block-image size-large\"><a href=\"https:\/\/kwiat.de\/wp-content\/uploads\/2025\/12\/meinC64_und_ich.png\"><img loading=\"lazy\" decoding=\"async\" width=\"1024\" height=\"683\" src=\"https:\/\/kwiat.de\/wp-content\/uploads\/2025\/12\/meinC64_und_ich-1024x683.png\" alt=\"\" class=\"wp-image-762\" srcset=\"https:\/\/kwiat.de\/wp-content\/uploads\/2025\/12\/meinC64_und_ich-1024x683.png 1024w, https:\/\/kwiat.de\/wp-content\/uploads\/2025\/12\/meinC64_und_ich-300x200.png 300w, https:\/\/kwiat.de\/wp-content\/uploads\/2025\/12\/meinC64_und_ich-768x512.png 768w, https:\/\/kwiat.de\/wp-content\/uploads\/2025\/12\/meinC64_und_ich-1140x760.png 1140w, https:\/\/kwiat.de\/wp-content\/uploads\/2025\/12\/meinC64_und_ich-570x380.png 570w, https:\/\/kwiat.de\/wp-content\/uploads\/2025\/12\/meinC64_und_ich-380x254.png 380w, https:\/\/kwiat.de\/wp-content\/uploads\/2025\/12\/meinC64_und_ich-285x190.png 285w, https:\/\/kwiat.de\/wp-content\/uploads\/2025\/12\/meinC64_und_ich.png 1536w\" sizes=\"auto, (max-width: 1024px) 100vw, 1024px\" \/><\/a><\/figure>\n\n\n\n<p class=\"has-medium-font-size\">Es folgte nat\u00fcrlich der f\u00fcr Nerds der Generation X obligatorische Commodore C64, gepaart mit einer Datasette (Kassettenrekorder f\u00fcr Homecomputer), einem 9-Nadel-Drucker und einem (ja, wirklich) schwarz\/wei\u00df-R\u00f6hrenfernseher. <\/p>\n\n\n\n\n\n<p class=\"has-medium-font-size\">Der Nachfolger war der Schneider CPC6128 mit einem (ebenfalls monochromen) Gr\u00fcn-Monitor, einem integrierten 3&#8243;-Diskettenlaufwerk und einem Nadel-Drucker Schneider DMP2000, der dann die Abiturzeitung 1988 bzw. die Druckvorlage daf\u00fcr ausspuckte.<br>In NLQ! Also &#8222;Near Letter Quality&#8220;, einem Qualit\u00e4tssiegel, das eine an Briefe heranreichende G\u00fcte des Schriftbildes versprach. Dass es ein Nadeldrucker war, hat man trotzdem gesehen&#8230;<\/p>\n\n\n\n<figure class=\"wp-block-image size-large\"><a href=\"https:\/\/kwiat.de\/wp-content\/uploads\/2024\/07\/8086K-scaled.jpg\"><img loading=\"lazy\" decoding=\"async\" width=\"1024\" height=\"341\" src=\"https:\/\/kwiat.de\/wp-content\/uploads\/2024\/07\/8086K-1024x341.jpg\" alt=\"\" class=\"wp-image-727\" srcset=\"https:\/\/kwiat.de\/wp-content\/uploads\/2024\/07\/8086K-1024x341.jpg 1024w, https:\/\/kwiat.de\/wp-content\/uploads\/2024\/07\/8086K-300x100.jpg 300w, https:\/\/kwiat.de\/wp-content\/uploads\/2024\/07\/8086K-768x256.jpg 768w, https:\/\/kwiat.de\/wp-content\/uploads\/2024\/07\/8086K-1536x512.jpg 1536w, https:\/\/kwiat.de\/wp-content\/uploads\/2024\/07\/8086K-2048x683.jpg 2048w, https:\/\/kwiat.de\/wp-content\/uploads\/2024\/07\/8086K-1140x380.jpg 1140w, https:\/\/kwiat.de\/wp-content\/uploads\/2024\/07\/8086K-380x127.jpg 380w\" sizes=\"auto, (max-width: 1024px) 100vw, 1024px\" \/><\/a><\/figure>\n\n\n\n<p class=\"has-large-font-size\">Die PC-\u00c4ra<\/p>\n\n\n\n<p>Meinen ersten Kontakt mit einem &#8222;richtigen&#8220; Computer hatte ich in der Informatik-AG unseres st\u00e4dtischen Gymnasiums Kalkar, ein Siemens-PC mit bersteinfarbenem 12&#8243;-Bildschirm, zwei 5.25&#8243;-Diskettenlaufwerken und einem Intel 8088-Prozessor &#8211; das Betriebssystem war CP\/M &#8211; nicht DOS!<\/p>\n\n\n\n<p>Unser Direktor, Kurt G\u00fcldner (Gott hab&#8216; ihn selig!) hatte das Ger\u00e4t (\u00fcber den F\u00f6rderverein des Gymnasiums) dem Schnellen Br\u00fcter Kalkar aus dem Kreuz geleiert und somit unfreiwillig meinen beruflichen Weg in die IT geebnet. Es folgten weitere tapsige Schritte in Assembler, BASIC und Pascal.<\/p>\n","protected":false},"excerpt":{"rendered":"<p>Computer haben mich schon als Kind fasziniert! Die ersten Rechner in meinem Leben kamen nat\u00fcrlich im Fernsehen, in Serien wie Raumschiff Enterprise oder Mondbasis Alpha 1 vor. Den ersten digitalen Taschenrechner (nach dem klassischen Abakus)) brachte mein Vater 1974 aus Japan mit, ich war fasziniert von dem kleinen K\u00e4stchen mit seinen leuchtenden Ziffern und den<\/p>\n<p><a href=\"https:\/\/kwiat.de\/index.php\/computer\/\" class=\"more-link themebutton\">Read More<\/a><\/p>\n","protected":false},"author":1,"featured_media":0,"parent":0,"menu_order":0,"comment_status":"closed","ping_status":"closed","template":"","meta":{"footnotes":""},"class_list":["post-704","page","type-page","status-publish","hentry"],"_links":{"self":[{"href":"https:\/\/kwiat.de\/index.php\/wp-json\/wp\/v2\/pages\/704","targetHints":{"allow":["GET"]}}],"collection":[{"href":"https:\/\/kwiat.de\/index.php\/wp-json\/wp\/v2\/pages"}],"about":[{"href":"https:\/\/kwiat.de\/index.php\/wp-json\/wp\/v2\/types\/page"}],"author":[{"embeddable":true,"href":"https:\/\/kwiat.de\/index.php\/wp-json\/wp\/v2\/users\/1"}],"replies":[{"embeddable":true,"href":"https:\/\/kwiat.de\/index.php\/wp-json\/wp\/v2\/comments?post=704"}],"version-history":[{"count":13,"href":"https:\/\/kwiat.de\/index.php\/wp-json\/wp\/v2\/pages\/704\/revisions"}],"predecessor-version":[{"id":763,"href":"https:\/\/kwiat.de\/index.php\/wp-json\/wp\/v2\/pages\/704\/revisions\/763"}],"wp:attachment":[{"href":"https:\/\/kwiat.de\/index.php\/wp-json\/wp\/v2\/media?parent=704"}],"curies":[{"name":"wp","href":"https:\/\/api.w.org\/{rel}","templated":true}]}}