{"id":496,"date":"2019-01-10T22:06:23","date_gmt":"2019-01-10T21:06:23","guid":{"rendered":"http:\/\/kwiat.de\/?page_id=496"},"modified":"2024-08-17T22:56:04","modified_gmt":"2024-08-17T21:56:04","slug":"ingo-kwiat","status":"publish","type":"page","link":"https:\/\/kwiat.de\/index.php\/ingo-kwiat\/","title":{"rendered":"Ingo Kwiat &#8211; auch bekannt als INGO.photo"},"content":{"rendered":"\n<div class=\"wp-block-media-text is-stacked-on-mobile\" style=\"grid-template-columns:22% auto\"><figure class=\"wp-block-media-text__media\"><img loading=\"lazy\" decoding=\"async\" width=\"682\" height=\"1024\" src=\"https:\/\/kwiat.de\/wp-content\/uploads\/2023\/09\/1976-gigapixel-lines-scale-2_00x-682x1024.jpg\" alt=\"\" class=\"wp-image-644 size-full\" srcset=\"https:\/\/kwiat.de\/wp-content\/uploads\/2023\/09\/1976-gigapixel-lines-scale-2_00x-682x1024.jpg 682w, https:\/\/kwiat.de\/wp-content\/uploads\/2023\/09\/1976-gigapixel-lines-scale-2_00x-200x300.jpg 200w, https:\/\/kwiat.de\/wp-content\/uploads\/2023\/09\/1976-gigapixel-lines-scale-2_00x-768x1154.jpg 768w, https:\/\/kwiat.de\/wp-content\/uploads\/2023\/09\/1976-gigapixel-lines-scale-2_00x.jpg 836w\" sizes=\"auto, (max-width: 682px) 100vw, 682px\" \/><\/figure><div class=\"wp-block-media-text__content\">\n<p class=\"has-medium-font-size\">Ingo Kwiat, Baujahr 1967, photographiert seit Kindheitstagen und seit \u00fcber 25 Jahren digital. Nach vielen Jahren analoger Photographie folgten ca. 1998 die ersten Schritte mit einer digitalen Kamera (Kodak DC50), die seither viele Nachfolger hatte, die bei Sportereignissen, Hochzeiten, Portraitsessions, Konzerten aber auch in der Natur zum Einsatz kamen.<\/p>\n\n\n\n<p class=\"has-small-font-size\"><br><\/p>\n<\/div><\/div>\n\n\n\n<p class=\"has-small-font-size\">ca. 1976 mit Vater und der ersten Kamera<br>(<a href=\"http:\/\/camera-wiki.org\/wiki\/Hanimex_Mini_110\" data-type=\"link\" data-id=\"http:\/\/camera-wiki.org\/wiki\/Hanimex_Mini_110\" target=\"_blank\" rel=\"noreferrer noopener\">Hanimex mini 110<\/a>)<\/p>\n\n\n\n<div class=\"wp-block-media-text has-media-on-the-right is-stacked-on-mobile\"><div class=\"wp-block-media-text__content\">\n<p class=\"has-text-align-right has-small-font-size\">Kodak DC50 Zoom<br>756 x 504 pixel (0.4 Megapixel)<br><a href=\"http:\/\/camera-wiki.org\/wiki\/Kodak_DC50_Zoom\">Kamera-Wiki<\/a><br><\/p>\n<\/div><figure class=\"wp-block-media-text__media\"><img loading=\"lazy\" decoding=\"async\" width=\"799\" height=\"533\" src=\"https:\/\/kwiat.de\/wp-content\/uploads\/2023\/09\/KodakDC50.jpg\" alt=\"\" class=\"wp-image-654 size-full\" srcset=\"https:\/\/kwiat.de\/wp-content\/uploads\/2023\/09\/KodakDC50.jpg 799w, https:\/\/kwiat.de\/wp-content\/uploads\/2023\/09\/KodakDC50-300x200.jpg 300w, https:\/\/kwiat.de\/wp-content\/uploads\/2023\/09\/KodakDC50-768x512.jpg 768w, https:\/\/kwiat.de\/wp-content\/uploads\/2023\/09\/KodakDC50-570x380.jpg 570w, https:\/\/kwiat.de\/wp-content\/uploads\/2023\/09\/KodakDC50-380x254.jpg 380w, https:\/\/kwiat.de\/wp-content\/uploads\/2023\/09\/KodakDC50-285x190.jpg 285w\" sizes=\"auto, (max-width: 799px) 100vw, 799px\" \/><\/figure><\/div>\n\n\n\n<p class=\"has-medium-font-size\">In den letzten Jahren war die Nachfrage nach Bildern so gro\u00df, dass der Entschluss zur nebenberuflichen Selbst\u00e4ndigkeit fiel &#8211; die Photos k\u00f6nnen im online-Shop bestellt werden, gr\u00f6\u00dftenteils als Download, aber auch als Print-Produkte &gt;&gt;&gt;   <a href=\"http:\/\/shop.KWIAT.de\">http:\/\/shop.KWIAT.de<\/a><\/p>\n\n\n\n<figure class=\"wp-block-image size-large\"><a href=\"https:\/\/kwiat.de\/wp-content\/uploads\/2019\/02\/header1920_720_1.png\"><img loading=\"lazy\" decoding=\"async\" width=\"1024\" height=\"384\" src=\"https:\/\/kwiat.de\/wp-content\/uploads\/2019\/02\/header1920_720_1-1024x384.png\" alt=\"\" class=\"wp-image-518\" srcset=\"https:\/\/kwiat.de\/wp-content\/uploads\/2019\/02\/header1920_720_1-1024x384.png 1024w, https:\/\/kwiat.de\/wp-content\/uploads\/2019\/02\/header1920_720_1-300x113.png 300w, https:\/\/kwiat.de\/wp-content\/uploads\/2019\/02\/header1920_720_1-768x288.png 768w, https:\/\/kwiat.de\/wp-content\/uploads\/2019\/02\/header1920_720_1.png 1920w\" sizes=\"auto, (max-width: 1024px) 100vw, 1024px\" \/><\/a><\/figure>\n\n\n\n<p class=\"has-medium-font-size\">Die Philosophie bei der Bearbeitung der Bilder ist minimalistisch:         <\/p>\n\n\n\n<p class=\"has-text-align-center has-medium-font-size\"><strong>&#8230;so wenig wie m\u00f6glich, so viel wie n\u00f6tig.    <\/strong><br> <em>Too much Photoshop kills the picture.<\/em>  <\/p>\n\n\n\n<p class=\"has-text-align-center has-medium-font-size\">Anmut, Sch\u00f6nheit, Kraft im Ausdruck und perfekte Formen<br>sollen festgehalten und wiedergeben werden, <br>die ACTION soll sp\u00fcrbar sein!<\/p>\n\n\n\n<p class=\"has-medium-font-size\">Ein wesentlicher Aspekt ist der Verzicht auf \u201cAmputationen\u201d (the big picture), also bei den Bildern keine Teile bzw. K\u00f6rperteile wegzuschneiden, auch wenn <em>manchmal<\/em> ein Ausschnitt sehr reizvoll sein kann! Die Komposition des Bildes, gerade Linien, Geometrie und der goldene Schnitt sind ebenso bedeutend wie Sch\u00e4rfe, Belichtung und Timing.<\/p>\n\n\n\n<figure class=\"wp-block-image\"><img loading=\"lazy\" decoding=\"async\" width=\"960\" height=\"640\" src=\"https:\/\/kwiat.de\/wp-content\/uploads\/2017\/04\/11742947_1048860831798636_2602313960353667723_n.jpg\" alt=\"\" class=\"wp-image-424\" srcset=\"https:\/\/kwiat.de\/wp-content\/uploads\/2017\/04\/11742947_1048860831798636_2602313960353667723_n.jpg 960w, https:\/\/kwiat.de\/wp-content\/uploads\/2017\/04\/11742947_1048860831798636_2602313960353667723_n-300x200.jpg 300w, https:\/\/kwiat.de\/wp-content\/uploads\/2017\/04\/11742947_1048860831798636_2602313960353667723_n-768x512.jpg 768w, https:\/\/kwiat.de\/wp-content\/uploads\/2017\/04\/11742947_1048860831798636_2602313960353667723_n-480x320.jpg 480w, https:\/\/kwiat.de\/wp-content\/uploads\/2017\/04\/11742947_1048860831798636_2602313960353667723_n-320x213.jpg 320w, https:\/\/kwiat.de\/wp-content\/uploads\/2017\/04\/11742947_1048860831798636_2602313960353667723_n-240x160.jpg 240w\" sizes=\"auto, (max-width: 960px) 100vw, 960px\" \/><\/figure>\n\n\n\n<p class=\"has-medium-font-size\">Sie sind \/ Du bist herzlich eingeladen, die Bilder zu betrachten, <br>sie k\u00f6nnen bei Interesse auch erworben werden!<\/p>\n\n\n\n<figure class=\"wp-block-image size-large\"><a href=\"https:\/\/kwiat.de\/wp-content\/uploads\/2023\/09\/milli.jpg\"><img loading=\"lazy\" decoding=\"async\" width=\"1024\" height=\"683\" src=\"https:\/\/kwiat.de\/wp-content\/uploads\/2023\/09\/milli-1024x683.jpg\" alt=\"Tierisch gute Bildbesprechung mit dem Model.\" class=\"wp-image-645\" srcset=\"https:\/\/kwiat.de\/wp-content\/uploads\/2023\/09\/milli-1024x683.jpg 1024w, https:\/\/kwiat.de\/wp-content\/uploads\/2023\/09\/milli-300x200.jpg 300w, https:\/\/kwiat.de\/wp-content\/uploads\/2023\/09\/milli-768x512.jpg 768w, https:\/\/kwiat.de\/wp-content\/uploads\/2023\/09\/milli-1536x1024.jpg 1536w, https:\/\/kwiat.de\/wp-content\/uploads\/2023\/09\/milli-1140x760.jpg 1140w, https:\/\/kwiat.de\/wp-content\/uploads\/2023\/09\/milli-570x380.jpg 570w, https:\/\/kwiat.de\/wp-content\/uploads\/2023\/09\/milli-380x254.jpg 380w, https:\/\/kwiat.de\/wp-content\/uploads\/2023\/09\/milli-285x190.jpg 285w, https:\/\/kwiat.de\/wp-content\/uploads\/2023\/09\/milli.jpg 2048w\" sizes=\"auto, (max-width: 1024px) 100vw, 1024px\" \/><\/a><\/figure>\n\n\n\n<p>Superwichtig bei jedem Photoshooting: Bildbesprechung mit dem Model<\/p>\n\n\n\n<figure class=\"wp-block-image size-large\"><a href=\"https:\/\/kwiat.de\/wp-content\/uploads\/2024\/07\/IM3A9996-scaled.jpg\"><img decoding=\"async\" src=\"https:\/\/kwiat.de\/wp-content\/uploads\/2024\/07\/IM3A9996-1024x683.jpg\" alt=\"\" class=\"wp-image-702\"\/><\/a><\/figure>\n\n\n\n<figure class=\"wp-block-image size-large\"><a href=\"https:\/\/kwiat.de\/wp-content\/uploads\/2015\/05\/FRUSINGEN.jpg\"><img loading=\"lazy\" decoding=\"async\" width=\"1024\" height=\"399\" src=\"https:\/\/kwiat.de\/wp-content\/uploads\/2015\/05\/FRUSINGEN-1024x399.jpg\" alt=\"\" class=\"wp-image-30\" srcset=\"https:\/\/kwiat.de\/wp-content\/uploads\/2015\/05\/FRUSINGEN-1024x399.jpg 1024w, https:\/\/kwiat.de\/wp-content\/uploads\/2015\/05\/FRUSINGEN-300x117.jpg 300w, https:\/\/kwiat.de\/wp-content\/uploads\/2015\/05\/FRUSINGEN.jpg 2048w\" sizes=\"auto, (max-width: 1024px) 100vw, 1024px\" \/><\/a><\/figure>\n\n\n\n<p>there&#8217;s more to come<\/p>\n","protected":false},"excerpt":{"rendered":"<p>Ingo Kwiat, Baujahr 1967, photographiert seit Kindheitstagen und seit \u00fcber 25 Jahren digital. Nach vielen Jahren analoger Photographie folgten ca. 1998 die ersten Schritte mit einer digitalen Kamera (Kodak DC50), die seither viele Nachfolger hatte, die bei Sportereignissen, Hochzeiten, Portraitsessions, Konzerten aber auch in der Natur zum Einsatz kamen. ca. 1976 mit Vater und der<\/p>\n<p><a href=\"https:\/\/kwiat.de\/index.php\/ingo-kwiat\/\" class=\"more-link themebutton\">Read More<\/a><\/p>\n","protected":false},"author":1,"featured_media":0,"parent":0,"menu_order":0,"comment_status":"closed","ping_status":"closed","template":"","meta":{"footnotes":""},"class_list":["post-496","page","type-page","status-publish","hentry"],"_links":{"self":[{"href":"https:\/\/kwiat.de\/index.php\/wp-json\/wp\/v2\/pages\/496","targetHints":{"allow":["GET"]}}],"collection":[{"href":"https:\/\/kwiat.de\/index.php\/wp-json\/wp\/v2\/pages"}],"about":[{"href":"https:\/\/kwiat.de\/index.php\/wp-json\/wp\/v2\/types\/page"}],"author":[{"embeddable":true,"href":"https:\/\/kwiat.de\/index.php\/wp-json\/wp\/v2\/users\/1"}],"replies":[{"embeddable":true,"href":"https:\/\/kwiat.de\/index.php\/wp-json\/wp\/v2\/comments?post=496"}],"version-history":[{"count":24,"href":"https:\/\/kwiat.de\/index.php\/wp-json\/wp\/v2\/pages\/496\/revisions"}],"predecessor-version":[{"id":741,"href":"https:\/\/kwiat.de\/index.php\/wp-json\/wp\/v2\/pages\/496\/revisions\/741"}],"wp:attachment":[{"href":"https:\/\/kwiat.de\/index.php\/wp-json\/wp\/v2\/media?parent=496"}],"curies":[{"name":"wp","href":"https:\/\/api.w.org\/{rel}","templated":true}]}}